{"id":32,"date":"2025-07-15T14:01:59","date_gmt":"2025-07-15T14:01:59","guid":{"rendered":"https:\/\/staging.cgrv.de\/blog\/?page_id=32"},"modified":"2025-08-07T15:48:58","modified_gmt":"2025-08-07T15:48:58","slug":"uber-uns","status":"publish","type":"page","link":"https:\/\/cgrv.de\/blog\/uber-uns\/","title":{"rendered":"\u00dcber uns"},"content":{"rendered":"<div id='full_slider_1'  class='avia-fullwidth-slider main_color avia-shadow   avia-builder-el-0  el_before_av_one_full  avia-builder-el-first   container_wrap fullsize'  ><\/div><div id='after_full_slider_1'  class='main_color av_default_container_wrap container_wrap fullsize'  ><div class='container av-section-cont-open' ><div class='template-page content  av-content-full alpha units'><div class='post-entry post-entry-type-page post-entry-32'><div class='entry-content-wrapper clearfix'>\n<div  class='flex_column av-u8ls-7f99285ce2dd14582c03dc9b715d139c av_one_full  avia-builder-el-1  el_after_av_slideshow_full  el_before_av_hr  avia-builder-el-first  first flex_column_div  '     ><p>\n<style type=\"text\/css\" data-created_by=\"avia_inline_auto\" id=\"style-css-av-md4lp841-3ec31e33500d15188764ec48246a65d8\">\n#top .av-special-heading.av-md4lp841-3ec31e33500d15188764ec48246a65d8{\npadding-bottom:10px;\nfont-size:32px;\n}\nbody .av-special-heading.av-md4lp841-3ec31e33500d15188764ec48246a65d8 .av-special-heading-tag .heading-char{\nfont-size:25px;\n}\n#top #wrap_all .av-special-heading.av-md4lp841-3ec31e33500d15188764ec48246a65d8 .av-special-heading-tag{\nfont-size:32px;\n}\n.av-special-heading.av-md4lp841-3ec31e33500d15188764ec48246a65d8 .av-subheading{\nfont-size:15px;\n}\n\n@media only screen and (min-width: 480px) and (max-width: 767px){ \n#top #wrap_all .av-special-heading.av-md4lp841-3ec31e33500d15188764ec48246a65d8 .av-special-heading-tag{\nfont-size:0.8em;\n}\n}\n\n@media only screen and (max-width: 479px){ \n#top #wrap_all .av-special-heading.av-md4lp841-3ec31e33500d15188764ec48246a65d8 .av-special-heading-tag{\nfont-size:0.8em;\n}\n}\n<\/style>\n<div  class='av-special-heading av-md4lp841-3ec31e33500d15188764ec48246a65d8 av-special-heading-h3 blockquote modern-quote modern-centered  avia-builder-el-2  el_before_av_textblock  avia-builder-el-first  av-inherit-size'><h3 class='av-special-heading-tag '  itemprop=\"headline\"  >Wir nennen uns Christliche Gemeinde&#8230;<\/h3><div class=\"special-heading-border\"><div class=\"special-heading-inner-border\"><\/div><\/div><\/div><br \/>\n\n<style type=\"text\/css\" data-created_by=\"avia_inline_auto\" id=\"style-css-av-md4lph0j-2bf911abb7880d240f3a6d841c8bad0a\">\n#top .av_textblock_section.av-md4lph0j-2bf911abb7880d240f3a6d841c8bad0a .avia_textblock{\nfont-size:16px;\n}\n<\/style>\n<section  class='av_textblock_section av-md4lph0j-2bf911abb7880d240f3a6d841c8bad0a '   itemscope=\"itemscope\" itemtype=\"https:\/\/schema.org\/CreativeWork\" ><div class='avia_textblock'  itemprop=\"text\" ><p>&#8230;weil die \u201eGemeinde\u201c die Gemeinschaft all derer ist, die Jesus Christus in ihr Leben aufgenommen haben und die Jesus durch den Heiligen Geist in lebendiger Einheit miteinander verbunden hat.<\/p>\n<p>Grundlage einer Zugeh\u00f6rigkeit zu unserer Christlichen Gemeinde ist die freie Entscheidung des Einzelnen, an Jesus Christus zu glauben und ihm nachzufolgen. Die Gemeinde mit ihren Aktivit\u00e4ten und Projekten finanziert sich rein auf freiwilliger Spendenbasis.<\/p>\n<p>Aus der Einsicht heraus, dass Gott existiert, sich in Christus gezeigt hat und seine Gedanken und seinen Willen in Gottes Wort, der Bibel, geoffenbart hat, ist f\u00fcr uns logische Konsequenz, uns eng an dem Vorbild Jesu und seinem Wort zu orientieren. Dies hat sinngebende, erneuernde und lebensver\u00e4ndernde Kraft. Unser Ziel ist es, Gott und dem N\u00e4chsten zu dienen und das Evangelium und den Glauben an Gott zu f\u00f6rdern. Dies spiegelt sich in unseren vielf\u00e4ltigen Aktivit\u00e4ten wider.<\/p>\n<\/div><\/section><\/p><\/div><div  class='hr av-uejo-9764233ac2a53a4b3dd5cacad4fe33f4 hr-default  avia-builder-el-4  el_after_av_one_full  el_before_av_iconlist '><span class='hr-inner '><span class=\"hr-inner-style\"><\/span><\/span><\/div><\/p>\n\n<style type=\"text\/css\" data-created_by=\"avia_inline_auto\" id=\"style-css-av-md4y6mc9-5406df443106f769d69e1ebfed251e1d\">\n#top #wrap_all .avia-icon-list-container.av-md4y6mc9-5406df443106f769d69e1ebfed251e1d .av_iconlist_title{\nfont-size:26px;\ncolor:#030303;\n}\n.avia-icon-list-container.av-md4y6mc9-5406df443106f769d69e1ebfed251e1d .iconlist_content{\nfont-size:14px;\ncolor:#030303;\n}\n<\/style>\n<div  class='avia-icon-list-container av-md4y6mc9-5406df443106f769d69e1ebfed251e1d  avia-builder-el-5  el_after_av_hr  avia-builder-el-last '><ul class='avia-icon-list avia_animate_when_almost_visible avia-icon-list-left av-iconlist-big av-md4y6mc9-5406df443106f769d69e1ebfed251e1d avia-iconlist-animate'>\n<li><div class='iconlist_icon av-md4y1bfx-c341aa73d6b59da28cb8a05ba56d0969 avia-font-svg_entypo-fontello avia-svg-icon avia-font-svg_entypo-fontello'><span class='av-icon-char' data-av_svg_icon='book-open' data-av_iconset='svg_entypo-fontello'><svg version=\"1.1\" xmlns=\"http:\/\/www.w3.org\/2000\/svg\" width=\"29\" height=\"32\" viewBox=\"0 0 29 32\" preserveAspectRatio=\"xMidYMid meet\" aria-labelledby='av-svg-title-1' aria-describedby='av-svg-desc-1' role=\"graphics-symbol\" aria-hidden=\"true\">\n<title id='av-svg-title-1'>Book-open<\/title>\n<desc id='av-svg-desc-1'>Book-open<\/desc>\n<path d=\"M10.88 19.584v2.176l-6.4-2.56v-2.176zM10.88 12.928v2.176l-6.4-2.56v-2.176zM28.096 1.856q0.704 0.384 0.704 1.344v20.48q0 1.088-1.024 1.472l-12.736 5.12q-0.256 0.064-0.32 0.064t-0.16 0.032-0.16 0.032-0.16-0.032-0.16-0.032l-0.32-0.064-12.736-5.12q-1.024-0.384-1.024-1.472v-20.48q0-0.96 0.704-1.344 0.704-0.512 1.472-0.192l12.224 4.928 12.224-4.928q0.768-0.32 1.472 0.192zM12.8 27.072v-17.92l-10.24-4.096v17.92zM26.24 22.976v-17.92l-10.24 4.096v17.92zM24.32 17.024v2.176l-6.4 2.56v-2.176zM24.32 10.368v2.176l-6.4 2.56v-2.176z\"><\/path>\n<\/svg><\/span><\/div><article class=\"article-icon-entry \"  itemscope=\"itemscope\" itemtype=\"https:\/\/schema.org\/CreativeWork\" ><div class=\"iconlist_content_wrap\"><header class=\"entry-content-header\" aria-label=\"Icon: Die Heilige Schrift\"><h4 class='av_iconlist_title iconlist_title  av_inherit_color'  itemprop=\"headline\" >Die Heilige Schrift<\/h4><\/header><div class='iconlist_content av_inherit_color'  itemprop=\"text\" ><p>Wir glauben an die w\u00f6rtliche Inspiration des ganzen Wortes Gottes, d.h. dass das Alte und Neue Testament in ihren urspr\u00fcnglichen Handschriften frei von Irrt\u00fcmern sind sowie die h\u00f6chste und endg\u00fcltige Autorit\u00e4t f\u00fcr Glaube und Leben darstellen.<\/p>\n<\/div><\/div><footer class=\"entry-footer\"><\/footer><\/article><div class=\"iconlist-timeline\"><\/div><\/li>\n<li><div class='iconlist_icon av-md4y407b-c59264d22fb55fb034e99ed4ce3e5f74 avia-font-svg_entypo-fontello avia-svg-icon avia-font-svg_entypo-fontello'><span class='av-icon-char' data-av_svg_icon='up-bold' data-av_iconset='svg_entypo-fontello'><svg version=\"1.1\" xmlns=\"http:\/\/www.w3.org\/2000\/svg\" width=\"24\" height=\"32\" viewBox=\"0 0 24 32\" preserveAspectRatio=\"xMidYMid meet\" aria-labelledby='av-svg-title-2' aria-describedby='av-svg-desc-2' role=\"graphics-symbol\" aria-hidden=\"true\">\n<title id='av-svg-title-2'>Up-bold<\/title>\n<desc id='av-svg-desc-2'>Up-bold<\/desc>\n<path d=\"M24.32 16.448h-6.144v11.2h-12.032v-11.2h-6.144l12.16-12.16z\"><\/path>\n<\/svg><\/span><\/div><article class=\"article-icon-entry \"  itemscope=\"itemscope\" itemtype=\"https:\/\/schema.org\/CreativeWork\" ><div class=\"iconlist_content_wrap\"><header class=\"entry-content-header\" aria-label=\"Icon: Die Gottheit\"><h4 class='av_iconlist_title iconlist_title  av_inherit_color'  itemprop=\"headline\" >Die Gottheit<\/h4><\/header><div class='iconlist_content av_inherit_color'  itemprop=\"text\" ><p>Wir glauben an den einen wahren Gott, der sich in drei Personen offenbart: den Vater, den Sohn Jesus Christus und den Heiligen Geist. Diese drei Personen sind wesensgleich und bilden eine vollkommene Einheit.<\/p>\n<\/div><\/div><footer class=\"entry-footer\"><\/footer><\/article><div class=\"iconlist-timeline\"><\/div><\/li>\n<li><div class='iconlist_icon av-md4y5j59-6bdbb24f44de247a21abf0b6017a0b10 avia-font-svg_entypo-fontello avia-svg-icon avia-font-svg_entypo-fontello'><span class='av-icon-char' data-av_svg_icon='star-empty' data-av_iconset='svg_entypo-fontello'><svg version=\"1.1\" xmlns=\"http:\/\/www.w3.org\/2000\/svg\" width=\"28\" height=\"32\" viewBox=\"0 0 28 32\" preserveAspectRatio=\"xMidYMid meet\" aria-labelledby='av-svg-title-3' aria-describedby='av-svg-desc-3' role=\"graphics-symbol\" aria-hidden=\"true\">\n<title id='av-svg-title-3'>Star-empty<\/title>\n<desc id='av-svg-desc-3'>Star-empty<\/desc>\n<path d=\"M28.16 12.672l-8.384 6.272 3.008 11.136-8.704-6.656-8.704 6.656 3.008-11.136-8.384-6.272h10.24l3.84-10.752 3.84 10.752h10.24zM14.080 20.288l4.8 3.968-1.984-5.696 4.608-3.648-5.632 0.128-1.792-6.464-1.728 6.464-5.632-0.128 4.544 3.648-1.984 5.696z\"><\/path>\n<\/svg><\/span><\/div><article class=\"article-icon-entry \"  itemscope=\"itemscope\" itemtype=\"https:\/\/schema.org\/CreativeWork\" ><div class=\"iconlist_content_wrap\"><header class=\"entry-content-header\" aria-label=\"Icon: Jesus Christus\"><h4 class='av_iconlist_title iconlist_title  av_inherit_color'  itemprop=\"headline\" >Jesus Christus<\/h4><\/header><div class='iconlist_content av_inherit_color'  itemprop=\"text\" ><p>Wir glauben an seine ewige Existenz als Gott, seine Menschwerdung und Jungfrauengeburt, seinen Tod am Kreuz als stellvertretendes S\u00fchnopfer f\u00fcr die S\u00fcnde der Menschen, seine Auferstehung von den Toten, seine Himmelfahrt und an seine pers\u00f6nliche Wiederkehr zur Errichtung seines Friedensreichs.<\/p>\n<\/div><\/div><footer class=\"entry-footer\"><\/footer><\/article><div class=\"iconlist-timeline\"><\/div><\/li>\n<li><div class='iconlist_icon av-md4y60m6-61167548aabfff75ece8c2bce6df8b54 avia-font-svg_entypo-fontello avia-svg-icon avia-font-svg_entypo-fontello'><span class='av-icon-char' data-av_svg_icon='cloud' data-av_iconset='svg_entypo-fontello'><svg version=\"1.1\" xmlns=\"http:\/\/www.w3.org\/2000\/svg\" width=\"32\" height=\"32\" viewBox=\"0 0 32 32\" preserveAspectRatio=\"xMidYMid meet\" aria-labelledby='av-svg-title-4' aria-describedby='av-svg-desc-4' role=\"graphics-symbol\" aria-hidden=\"true\">\n<title id='av-svg-title-4'>Cloud<\/title>\n<desc id='av-svg-desc-4'>Cloud<\/desc>\n<path d=\"M24.32 11.392q3.2 0 5.44 2.176t2.24 5.312-2.24 5.312-5.44 2.176h-18.496q-2.368 0-4.096-1.664t-1.728-3.968q0-2.368 1.696-4.032t4.128-1.664q0.064 0 0.32 0.032t0.32 0.032q-0.064-0.384-0.064-1.216 0-3.456 2.496-5.888t6.016-2.432q2.88 0 5.12 1.664t3.008 4.288q0.896-0.128 1.28-0.128z\"><\/path>\n<\/svg><\/span><\/div><article class=\"article-icon-entry \"  itemscope=\"itemscope\" itemtype=\"https:\/\/schema.org\/CreativeWork\" ><div class=\"iconlist_content_wrap\"><header class=\"entry-content-header\" aria-label=\"Icon: Der Heilige Geist\"><h4 class='av_iconlist_title iconlist_title  av_inherit_color'  itemprop=\"headline\" >Der Heilige Geist<\/h4><\/header><div class='iconlist_content av_inherit_color'  itemprop=\"text\" ><p>Wir glauben, dass der Heilige Geist, die dritte Person der Gottheit, den Menschen von der S\u00fcnde \u00fcberf\u00fchrt und ihm ein neues, ewiges Leben in Gemeinschaft mit Gott schenkt. In der Folge wohnt der Heilige Geist in dem Gl\u00e4ubigen und hilft ihm ein gottgef\u00e4lliges Leben zu f\u00fchren.<\/p>\n<\/div><\/div><footer class=\"entry-footer\"><\/footer><\/article><div class=\"iconlist-timeline\"><\/div><\/li>\n<li><div class='iconlist_icon av-md4y6i9o-d2ef61eee2fcbf5f6fa9881689af35fd avia-font-svg_entypo-fontello avia-svg-icon avia-font-svg_entypo-fontello'><span class='av-icon-char' data-av_svg_icon='user' data-av_iconset='svg_entypo-fontello'><svg version=\"1.1\" xmlns=\"http:\/\/www.w3.org\/2000\/svg\" width=\"30\" height=\"32\" viewBox=\"0 0 30 32\" preserveAspectRatio=\"xMidYMid meet\" aria-labelledby='av-svg-title-5' aria-describedby='av-svg-desc-5' role=\"graphics-symbol\" aria-hidden=\"true\">\n<title id='av-svg-title-5'>User<\/title>\n<desc id='av-svg-desc-5'>User<\/desc>\n<path d=\"M23.552 23.104q6.528 2.304 6.528 3.904v3.392h-30.080v-3.392q0-1.6 6.528-3.904 3.008-1.088 4.096-2.208t1.088-3.040q0-0.704-0.704-1.568t-1.024-2.336q-0.064-0.384-0.288-0.576t-0.448-0.256-0.448-0.544-0.288-1.376q0-0.512 0.16-0.832t0.288-0.384l0.128-0.128q-0.256-1.6-0.384-2.816-0.128-1.728 1.312-3.584t5.024-1.856 5.056 1.856 1.28 3.584l-0.384 2.816q0.576 0.256 0.576 1.344-0.064 0.896-0.288 1.376t-0.448 0.544-0.448 0.256-0.288 0.576q-0.256 1.536-0.992 2.368t-0.736 1.536q0 1.92 1.12 3.040t4.064 2.208z\"><\/path>\n<\/svg><\/span><\/div><article class=\"article-icon-entry \"  itemscope=\"itemscope\" itemtype=\"https:\/\/schema.org\/CreativeWork\" ><div class=\"iconlist_content_wrap\"><header class=\"entry-content-header\" aria-label=\"Icon: Der Mensch\"><h4 class='av_iconlist_title iconlist_title  av_inherit_color'  itemprop=\"headline\" >Der Mensch<\/h4><\/header><div class='iconlist_content av_inherit_color'  itemprop=\"text\" ><p>Wir glauben, dass der Mensch unschuldig und rein erschaffen wurde, aber durch die S\u00fcnde des Ungehorsams vor Gott schuldig wurde. Alle Menschen sind daher von Gott getrennt und brauchen Erl\u00f6sung.<\/p>\n<\/div><\/div><footer class=\"entry-footer\"><\/footer><\/article><div class=\"iconlist-timeline\"><\/div><\/li>\n<li><div class='iconlist_icon av-md4y99l7-bb2dbf464d0778001904ead125c6cbef avia-font-svg_entypo-fontello avia-svg-icon avia-font-svg_entypo-fontello'><span class='av-icon-char' data-av_svg_icon='heart' data-av_iconset='svg_entypo-fontello'><svg version=\"1.1\" xmlns=\"http:\/\/www.w3.org\/2000\/svg\" width=\"28\" height=\"32\" viewBox=\"0 0 28 32\" preserveAspectRatio=\"xMidYMid meet\" aria-labelledby='av-svg-title-6' aria-describedby='av-svg-desc-6' role=\"graphics-symbol\" aria-hidden=\"true\">\n<title id='av-svg-title-6'>Heart<\/title>\n<desc id='av-svg-desc-6'>Heart<\/desc>\n<path d=\"M25.28 6.592q2.24 2.048 2.24 4.992t-2.24 5.056l-11.52 10.56-11.52-10.56q-2.24-2.112-2.24-5.056t2.24-4.992q1.984-1.856 4.832-1.856t4.896 1.856l1.792 1.664 1.856-1.664q1.984-1.856 4.8-1.856t4.864 1.856z\"><\/path>\n<\/svg><\/span><\/div><article class=\"article-icon-entry \"  itemscope=\"itemscope\" itemtype=\"https:\/\/schema.org\/CreativeWork\" ><div class=\"iconlist_content_wrap\"><header class=\"entry-content-header\" aria-label=\"Icon: Errettung\"><h4 class='av_iconlist_title iconlist_title  av_inherit_color'  itemprop=\"headline\" >Errettung<\/h4><\/header><div class='iconlist_content av_inherit_color'  itemprop=\"text\" ><p>Wir glauben, dass die Errettung eines Menschen von seiner Schuld aus Gnade geschieht. Die Errettung ist somit ein freies Geschenk Gottes, das er jedem Menschen anbietet. Die Verantwortung des Menschen ist nun dieses Geschenk anzunehmen, indem er umkehrt von seinen eigenen Wegen, Jesus Christus pers\u00f6nlich im Glauben annimmt und um Vergebung seiner Schuld bittet. Die Errettung ist damit insbesondere nicht abh\u00e4ngig von menschlichen Werken.<\/p>\n<\/div><\/div><footer class=\"entry-footer\"><\/footer><\/article><div class=\"iconlist-timeline\"><\/div><\/li>\n<li><div class='iconlist_icon av-md4y9sfl-d73406f39a593e427c5a38fbe01e258d avia-font-svg_entypo-fontello avia-svg-icon avia-font-svg_entypo-fontello'><span class='av-icon-char' data-av_svg_icon='fast-forward' data-av_iconset='svg_entypo-fontello'><svg version=\"1.1\" xmlns=\"http:\/\/www.w3.org\/2000\/svg\" width=\"28\" height=\"32\" viewBox=\"0 0 28 32\" preserveAspectRatio=\"xMidYMid meet\" aria-labelledby='av-svg-title-7' aria-describedby='av-svg-desc-7' role=\"graphics-symbol\" aria-hidden=\"true\">\n<title id='av-svg-title-7'>Fast-forward<\/title>\n<desc id='av-svg-desc-7'>Fast-forward<\/desc>\n<path d=\"M27.712 15.232q0.448 0.32 0.448 0.768t-0.448 0.704l-11.904 7.936q-0.704 0.448-1.184 0.192t-0.48-1.152v-15.424q0-0.896 0.48-1.152t1.184 0.192zM13.184 15.232q0.448 0.32 0.448 0.768t-0.448 0.704l-11.52 7.936q-0.64 0.448-1.152 0.192t-0.512-1.152v-15.424q0-0.896 0.512-1.152t1.152 0.192z\"><\/path>\n<\/svg><\/span><\/div><article class=\"article-icon-entry \"  itemscope=\"itemscope\" itemtype=\"https:\/\/schema.org\/CreativeWork\" ><div class=\"iconlist_content_wrap\"><header class=\"entry-content-header\" aria-label=\"Icon: Die Zukunft\"><h4 class='av_iconlist_title iconlist_title  av_inherit_color'  itemprop=\"headline\" >Die Zukunft<\/h4><\/header><div class='iconlist_content av_inherit_color'  itemprop=\"text\" ><p>Wir glauben an eine pers\u00f6nliche und sichtbare Wiederkehr Jesu Christi zur Erde, an die Auferstehung der Gl\u00e4ubigen zum ewigen Leben in Gemeinschaft mit Gott und an die Auferstehung der Ungl\u00e4ubigen zum Gericht und zur Strafe in der ewigen Trennung von Gott.<\/p>\n<\/div><\/div><footer class=\"entry-footer\"><\/footer><\/article><div class=\"iconlist-timeline\"><\/div><\/li>\n<\/ul><\/div>\n","protected":false},"excerpt":{"rendered":"","protected":false},"author":2,"featured_media":0,"parent":0,"menu_order":0,"comment_status":"closed","ping_status":"closed","template":"","meta":{"footnotes":""},"class_list":["post-32","page","type-page","status-publish","hentry"],"_links":{"self":[{"href":"https:\/\/cgrv.de\/blog\/wp-json\/wp\/v2\/pages\/32","targetHints":{"allow":["GET"]}}],"collection":[{"href":"https:\/\/cgrv.de\/blog\/wp-json\/wp\/v2\/pages"}],"about":[{"href":"https:\/\/cgrv.de\/blog\/wp-json\/wp\/v2\/types\/page"}],"author":[{"embeddable":true,"href":"https:\/\/cgrv.de\/blog\/wp-json\/wp\/v2\/users\/2"}],"replies":[{"embeddable":true,"href":"https:\/\/cgrv.de\/blog\/wp-json\/wp\/v2\/comments?post=32"}],"version-history":[{"count":16,"href":"https:\/\/cgrv.de\/blog\/wp-json\/wp\/v2\/pages\/32\/revisions"}],"predecessor-version":[{"id":244,"href":"https:\/\/cgrv.de\/blog\/wp-json\/wp\/v2\/pages\/32\/revisions\/244"}],"wp:attachment":[{"href":"https:\/\/cgrv.de\/blog\/wp-json\/wp\/v2\/media?parent=32"}],"curies":[{"name":"wp","href":"https:\/\/api.w.org\/{rel}","templated":true}]}}